{"id":2,"date":"2024-08-21T16:32:26","date_gmt":"2024-08-21T16:32:26","guid":{"rendered":"https:\/\/escuelainternacionaldefinanzas.com\/wordpress\/?page_id=2"},"modified":"2026-02-02T09:14:13","modified_gmt":"2026-02-02T09:14:13","slug":"sample-page","status":"publish","type":"page","link":"https:\/\/escuelainternacionaldefinanzas.com\/wordpress\/","title":{"rendered":"Pr\u00f3ximos cursos"},"content":{"rendered":"\n<p><strong>Pr\u00f3ximos cursos (por webinar en directo y posterior grabaci\u00f3n):<\/strong><\/p>\n\n\n\n<p><strong>Los cursos se realizan por webinar<\/strong> (retransmisi\u00f3n en directo por internet, pudiendo interactuar con el profesor sin necesidad de instalar ning\u00fan software, con total seguridad y a trav\u00e9s de nuestra plataforma virtual).<br>Los cursos son bonificables como teleformaci\u00f3n y en el aula virtual se ofrece material adicional a las sesiones en directo, que posteriormente podr\u00e1n seguirse grabadas.<\/p>\n\n\n\n<p>A\u00f1o 2026<\/p>\n\n\n\n<p>Febrero<\/p>\n\n\n\n<h6 class=\"wp-block-heading\"><a href=\"https:\/\/esiff.com\/analisis-de-estados-financieros-excel-ia\/\">Curso de An\u00e1lisis de Estados Financieros con Excel e Inteligencia Artificial (5 y 6 de febrero)<\/a><\/h6>\n\n\n\n<h6 class=\"wp-block-heading\"><strong><a href=\"https:\/\/esiff.com\/master-profesional-ia\/\">M\u00e1ster Profesional en Inteligencia Artificial y TI para Finanzas de Empresa online (del 10 de febrero al 30 de junio)<\/a><\/strong><\/h6>\n\n\n\n<h6 class=\"wp-block-heading\"><a href=\"https:\/\/esiff.com\/master-profesional-en-direccion-financiera-k\/\"><strong>M\u00e1ster Profesional en Direcci\u00f3n Financiera Online (del 10 de febrero al 30 de junio)<\/strong><\/a><\/h6>\n\n\n\n<h6 class=\"wp-block-heading\"><a href=\"https:\/\/esiff.com\/iafinanzas1\/\">Curso de Inteligencia Artificial aplicada a Finanzas (11 de febrero)<\/a><\/h6>\n\n\n\n<h6 class=\"wp-block-heading\"><a href=\"https:\/\/esiff.com\/actualizacion-contabilidad\/\">Curso de Actualizaci\u00f3n en Contabilidad de Sociedades (18 y 19 de febrero)<\/a><\/h6>\n\n\n\n<h6 class=\"wp-block-heading\"><a href=\"https:\/\/esiff.com\/iva-internacional-5\/\">Curso Pr\u00e1ctico de IVA en Operaciones Internacionales (20 de febrero)<\/a><\/h6>\n\n\n\n<h6 class=\"wp-block-heading\"><a href=\"https:\/\/esiff.com\/reglamento-f\/\">Curso sobre Reglamento de Facturaci\u00f3n, Factura Electr\u00f3nica y SII (19 de febrero)<\/a><\/h6>\n\n\n\n<h6 class=\"wp-block-heading\"><a href=\"https:\/\/esiff.com\/notas-de-gastos\/\"><strong>Curso sobre Fiscalidad de las Notas de Gastos: dietas, viaje y representaci\u00f3n (20 de febrero)<\/strong><\/a><\/h6>\n\n\n\n<h6 class=\"wp-block-heading\"><a href=\"https:\/\/esiff.com\/iva-fact\/\">Curso de Actualizaci\u00f3n en IVA (24 y 25 de febrero)<\/a><\/h6>\n\n\n\n<h6 class=\"wp-block-heading\"><a href=\"https:\/\/esiff.com\/logistical-comercio-exterior\/\">Curso de Log\u00edstica del Comercio Exterior (25 y 26 de febrero)<\/a><\/h6>\n\n\n\n<p>Marzo<\/p>\n\n\n\n<h6 class=\"wp-block-heading\"><a href=\"https:\/\/esiff.com\/excel-avanzado-5\/\">Curso de Excel Avanzado:&nbsp;<strong>Power Query, Power Pivot y Tablas Din\u00e1micas (4 de marzo)<\/strong><\/a><\/h6>\n\n\n\n<h6 class=\"wp-block-heading\"><a href=\"https:\/\/esiff.com\/analisis-de-estados\/\">Curso de An\u00e1lisis de Estados Financieros con Excel e Inteligencia Artificial (5 y 6 de marzo)<\/a><\/h6>\n\n\n\n<h6 class=\"wp-block-heading\"><a href=\"https:\/\/esiff.com\/curso-de-especializacion-en-gestion-financiera\/\" target=\"_blank\" rel=\"noreferrer noopener\">Curso de Especializaci\u00f3n en Finanzas y Tesorer\u00eda de la Empresa (online) Del 6 de marzo al 30 de abril de 2026.<\/a><\/h6>\n\n\n\n<h6 class=\"wp-block-heading\"><a href=\"https:\/\/esiff.com\/curso-online-iva\/\" target=\"_blank\" rel=\"noreferrer noopener\">Curso de Especializaci\u00f3n en IVA (Impuesto sobre el Valor A\u00f1adido) (online). Del 6 de marzo al 30 de abril de 2026.<\/a><\/h6>\n\n\n\n<h6 class=\"wp-block-heading\"><a href=\"https:\/\/esiff.com\/ia-finanzas\/\">Curso de Inteligencia Artificial aplicada a Finanzas (11 de marzo)<\/a><\/h6>\n\n\n\n<h6 class=\"wp-block-heading\"><a href=\"https:\/\/esiff.com\/ce_ia\/\">Curso de Especializaci\u00f3n en Inteligencia Artificial para Finanzas de Empresa (online). Del 13 de marzo al 30 de abril de 2026.<\/a><\/h6>\n\n\n\n<h6 class=\"wp-block-heading\"><a href=\"https:\/\/esiff.com\/prevencion-del-fraude\/\"><strong>Curso de prevenci\u00f3n del fraude financiero y en medios de pago (24 y 25 de marzo)<\/strong><\/a><\/h6>\n\n\n\n<h6 class=\"wp-block-heading\"><a href=\"https:\/\/esiff.com\/regfa\/\">Curso sobre Reglamento de Facturaci\u00f3n, Factura Electr\u00f3nica y SII (24 de marzo)<\/a><\/h6>\n\n\n\n<h6 class=\"wp-block-heading\"><a href=\"https:\/\/esiff.com\/actualizacion-contabilidad-2\/\">Curso de Actualizaci\u00f3n en Contabilidad de Sociedades (24 y 25 de marzo)<\/a><\/h6>\n\n\n\n<h6 class=\"wp-block-heading\"><a href=\"https:\/\/esiff.com\/curso-de-powerbi-3\/\">Curso de PowerBi: entorno, elementos y casos pr\u00e1cticos (25 y 26 de marzo)<\/a><\/h6>\n\n\n\n<h6 class=\"wp-block-heading\"><a href=\"https:\/\/esiff.com\/actualizacion-en-iva-2\/\">Curso de Actualizaci\u00f3n en IVA (25 y 26 de marzo)<\/a><\/h6>\n\n\n\n<h6 class=\"wp-block-heading\"><a href=\"https:\/\/esiff.com\/fiscalidad-notas-de-gastos\/\"><strong>Curso sobre Fiscalidad de las Notas de Gastos: dietas, viaje y representaci\u00f3n (27 de marzo)<\/strong><\/a><\/h6>\n\n\n\n<p>A lo largo de todo el a\u00f1o, convocamos <strong>cursos especializados retransmitidos en directo v\u00eda webinar que son bonificables como teleformaci\u00f3n<\/strong>. Si los cursos no pueden seguirse en directo, la grabaci\u00f3n se puede ver en cualquier momento y durante un mes a trav\u00e9s del aula virtual. Adem\u00e1s, en el aula virtual se pueden programar sesiones adicionales para resolver dudas y est\u00e1 disponible diverso material adicional, cuestionario de evaluaci\u00f3n, encuesta, etc.<\/p>\n\n\n\n<p>Responden a temas de inter\u00e9s para la empresa y el profesional, con una orientaci\u00f3n completamente pr\u00e1ctica y participativa, de tal forma que pueda aplicar el contenido inmediatamente al trabajo diario.<\/p>\n\n\n\n<p>Mediante el webinar superamos las barreras f\u00edsicas y, de hecho, llevamos el curso a cualquier rinc\u00f3n de la geograf\u00eda espa\u00f1ola e incluso del extranjero. As\u00ed, damos oportunidad a cualquier empresa, est\u00e9 donde est\u00e9, de asistir en directo a la impartici\u00f3n del curso, pudiendo ver y o\u00edr al ponente y disponiendo de la presentaci\u00f3n en l\u00ednea y mediante su env\u00edo en PDF. El webinar permite tambi\u00e9n formular preguntas y es una forma c\u00f3moda de seguir un curso sin desplazarse.<\/p>\n\n\n\n<p>El curso se sigue a trav\u00e9s de nuestra aula virtual, en la que el asistente encontrar\u00e1 material adicional y podr\u00e1 seguir la grabaci\u00f3n del curso si no ha podido asistir en directo. La plataforma est\u00e1 actualizada y es completamente segura.<\/p>\n\n\n\n<p>Por supuesto, <strong>los cursos open tambi\u00e9n pueden impartirse in company,<\/strong> adaptando su contenido a las necesidades espec\u00edficas de cada empresa.<\/p>\n\n\n\n<p>Las caracter\u00edsticas que definen a nuestros cursos son:<\/p>\n\n\n\n<ul>\n<li>Especializaci\u00f3n y actualidad del contenido.<\/li>\n\n\n\n<li>Retransmisi\u00f3n en directo con acceso a realizar preguntas al ponente\/tutor del curso.<\/li>\n\n\n\n<li>Ponentes expertos.<\/li>\n\n\n\n<li>Orientaci\u00f3n totalmente pr\u00e1ctica.<\/li>\n\n\n\n<li>Asistencia limitada.<\/li>\n\n\n\n<li>Intensivos.<\/li>\n\n\n\n<li>Coste muy competitivo y bonificable, aprovechando al m\u00e1ximo las posibilidades de bonificaci\u00f3n de cada empresa.<\/li>\n\n\n\n<li>Grabaci\u00f3n del contenido para seguirse en cualquier horario y disponible por varias semanas tras la celebraci\u00f3n del directo.<\/li>\n\n\n\n<li>Material adicional a trav\u00e9s del aula virtual.<\/li>\n\n\n\n<li>Total seguridad de las plataformas virtuales.<\/li>\n<\/ul>\n","protected":false},"excerpt":{"rendered":"<p>Pr\u00f3ximos cursos (por webinar en directo y posterior grabaci\u00f3n): Los cursos se realizan por webinar [&hellip;]<\/p>\n","protected":false},"author":1,"featured_media":0,"parent":0,"menu_order":0,"comment_status":"closed","ping_status":"open","template":"","meta":{"footnotes":""},"_links":{"self":[{"href":"https:\/\/escuelainternacionaldefinanzas.com\/wordpress\/index.php\/wp-json\/wp\/v2\/pages\/2"}],"collection":[{"href":"https:\/\/escuelainternacionaldefinanzas.com\/wordpress\/index.php\/wp-json\/wp\/v2\/pages"}],"about":[{"href":"https:\/\/escuelainternacionaldefinanzas.com\/wordpress\/index.php\/wp-json\/wp\/v2\/types\/page"}],"author":[{"embeddable":true,"href":"https:\/\/escuelainternacionaldefinanzas.com\/wordpress\/index.php\/wp-json\/wp\/v2\/users\/1"}],"replies":[{"embeddable":true,"href":"https:\/\/escuelainternacionaldefinanzas.com\/wordpress\/index.php\/wp-json\/wp\/v2\/comments?post=2"}],"version-history":[{"count":3,"href":"https:\/\/escuelainternacionaldefinanzas.com\/wordpress\/index.php\/wp-json\/wp\/v2\/pages\/2\/revisions"}],"predecessor-version":[{"id":13,"href":"https:\/\/escuelainternacionaldefinanzas.com\/wordpress\/index.php\/wp-json\/wp\/v2\/pages\/2\/revisions\/13"}],"wp:attachment":[{"href":"https:\/\/escuelainternacionaldefinanzas.com\/wordpress\/index.php\/wp-json\/wp\/v2\/media?parent=2"}],"curies":[{"name":"wp","href":"https:\/\/api.w.org\/{rel}","templated":true}]}}